{"id":13747,"date":"2022-05-23T14:29:53","date_gmt":"2022-05-23T14:29:53","guid":{"rendered":"https:\/\/aceitesantifrixion.com\/?page_id=13747"},"modified":"2023-09-09T19:43:35","modified_gmt":"2023-09-09T19:43:35","slug":"contacto","status":"publish","type":"page","link":"https:\/\/aceitesantifrixion.com\/index.php\/contacto\/","title":{"rendered":"Contacto"},"content":{"rendered":"\t\t<div data-elementor-type=\"wp-page\" data-elementor-id=\"13747\" class=\"elementor elementor-13747\">\n\t\t\t\t\t\t<section class=\"elementor-section elementor-top-section elementor-element elementor-element-670c28ba elementor-section-content-middle elementor-reverse-mobile elementor-section-boxed elementor-section-height-default elementor-section-height-default\" data-id=\"670c28ba\" data-element_type=\"section\">\n\t\t\t\t\t\t<div class=\"elementor-container elementor-column-gap-no\">\n\t\t\t\t\t<div class=\"elementor-column elementor-col-50 elementor-top-column elementor-element elementor-element-2984d35\" data-id=\"2984d35\" data-element_type=\"column\">\n\t\t\t<div class=\"elementor-widget-wrap elementor-element-populated\">\n\t\t\t\t\t\t<div class=\"elementor-element elementor-element-a3741cc elementor-widget elementor-widget-google_maps\" data-id=\"a3741cc\" data-element_type=\"widget\" data-widget_type=\"google_maps.default\">\n\t\t\t\t<div class=\"elementor-widget-container\">\n\t\t\t\t\t<div class=\"elementor-custom-embed\">\n\t\t\t<iframe loading=\"lazy\"\n\t\t\t\t\tsrc=\"https:\/\/maps.google.com\/maps?q=Carrola%20Antuna%201517%2C%2022%20de%20Septiembre%2C%2034286%20Durango%2C%20Dgo.&#038;t=m&#038;z=19&#038;output=embed&#038;iwloc=near\"\n\t\t\t\t\ttitle=\"Carrola Antuna 1517, 22 de Septiembre, 34286 Durango, Dgo.\"\n\t\t\t\t\taria-label=\"Carrola Antuna 1517, 22 de Septiembre, 34286 Durango, Dgo.\"\n\t\t\t><\/iframe>\n\t\t<\/div>\n\t\t\t\t<\/div>\n\t\t\t\t<\/div>\n\t\t\t\t\t<\/div>\n\t\t<\/div>\n\t\t\t\t<div class=\"elementor-column elementor-col-50 elementor-top-column elementor-element elementor-element-3cb0773c\" data-id=\"3cb0773c\" data-element_type=\"column\">\n\t\t\t<div class=\"elementor-widget-wrap elementor-element-populated\">\n\t\t\t\t\t\t<div class=\"elementor-element elementor-element-7c3cd743 elementor-widget elementor-widget-heading\" data-id=\"7c3cd743\" data-element_type=\"widget\" data-widget_type=\"heading.default\">\n\t\t\t\t<div class=\"elementor-widget-container\">\n\t\t\t<h1 class=\"elementor-heading-title elementor-size-small\">Cont\u00e1ctanos:<\/h1>\t\t<\/div>\n\t\t\t\t<\/div>\n\t\t\t\t<section class=\"elementor-section elementor-inner-section elementor-element elementor-element-6e09de31 elementor-section-boxed elementor-section-height-default elementor-section-height-default\" data-id=\"6e09de31\" data-element_type=\"section\">\n\t\t\t\t\t\t<div class=\"elementor-container elementor-column-gap-default\">\n\t\t\t\t\t<div class=\"elementor-column elementor-col-50 elementor-inner-column elementor-element elementor-element-11382139\" data-id=\"11382139\" data-element_type=\"column\">\n\t\t\t<div class=\"elementor-widget-wrap elementor-element-populated\">\n\t\t\t\t\t\t<div class=\"elementor-element elementor-element-0d521d3 elementor-widget elementor-widget-razzi-heading\" data-id=\"0d521d3\" data-element_type=\"widget\" data-widget_type=\"razzi-heading.default\">\n\t\t\t\t<div class=\"elementor-widget-container\">\n\t\t\t<h2 class=\"razzi-heading-title\"> UBICACI\u00d3NES                 <\/h2>\t\t<\/div>\n\t\t\t\t<\/div>\n\t\t\t\t<div class=\"elementor-element elementor-element-40103629 elementor-widget elementor-widget-heading\" data-id=\"40103629\" data-element_type=\"widget\" data-widget_type=\"heading.default\">\n\t\t\t\t<div class=\"elementor-widget-container\">\n\t\t\t<div class=\"elementor-heading-title elementor-size-default\"><br>PLANTA TOLUCA EDO MEX<br><br>TLALPAN CD DE MEX<br><br>GUANAJUATO,GTO<br><br>FRESNILLO, ZACATECAS<\/div>\t\t<\/div>\n\t\t\t\t<\/div>\n\t\t\t\t<div class=\"elementor-element elementor-element-6f812947 elementor-widget elementor-widget-text-editor\" data-id=\"6f812947\" data-element_type=\"widget\" data-widget_type=\"text-editor.default\">\n\t\t\t\t<div class=\"elementor-widget-container\">\n\t\t\t\t\t\t\t<p>\u00a0<b>DURANGO, DGO <\/b><b style=\"font-family: var( --e-global-typography-text-font-family ), Sans-serif;\">OFICINAS GENERALES<\/b><\/p><p><a href=\"https:\/\/www.google.com\/maps\/place\/Blvd.+Cnel.+Enrique+Carrola+Antuna+1517,+Porfirio+D%C3%ADaz,+34260+Durango,+Dgo.\/@24.0199096,-104.6505067,17z\/data=!3m1!4b1!4m5!3m4!1s0x869bb7e4296a74cf:0xb1745bf049335f5f!8m2!3d24.0199096!4d-104.6505067\">Enrique Carrola Antuna 1517 Col 22 de septiembre Durango<\/a><br \/><a href=\"https:\/\/www.google.com\/maps\/place\/Blvd.+Cnel.+Enrique+Carrola+Antuna+1517,+Porfirio+D%C3%ADaz,+34260+Durango,+Dgo.\/@24.0199096,-104.6505067,17z\/data=!3m1!4b1!4m5!3m4!1s0x869bb7e4296a74cf:0xb1745bf049335f5f!8m2!3d24.0199096!4d-104.6505067\">Dgo. CP: 34286<\/a><\/p>\t\t\t\t\t\t<\/div>\n\t\t\t\t<\/div>\n\t\t\t\t\t<\/div>\n\t\t<\/div>\n\t\t\t\t<div class=\"elementor-column elementor-col-50 elementor-inner-column elementor-element elementor-element-17401250\" data-id=\"17401250\" data-element_type=\"column\">\n\t\t\t<div class=\"elementor-widget-wrap elementor-element-populated\">\n\t\t\t\t\t\t<div class=\"elementor-element elementor-element-3d0e191f elementor-widget elementor-widget-heading\" data-id=\"3d0e191f\" data-element_type=\"widget\" data-widget_type=\"heading.default\">\n\t\t\t\t<div class=\"elementor-widget-container\">\n\t\t\t<div class=\"elementor-heading-title elementor-size-default\">N\u00fameros de tel\u00e9fono<\/div>\t\t<\/div>\n\t\t\t\t<\/div>\n\t\t\t\t<div class=\"elementor-element elementor-element-1bba620b elementor-widget elementor-widget-text-editor\" data-id=\"1bba620b\" data-element_type=\"widget\" data-widget_type=\"text-editor.default\">\n\t\t\t\t<div class=\"elementor-widget-container\">\n\t\t\t\t\t\t\t<p><strong>Tel\u00e9fono:<\/strong> 618-163-5573<\/p><p><strong>Oficina:<\/strong> 6188101887- 618 449 0898<\/p>\t\t\t\t\t\t<\/div>\n\t\t\t\t<\/div>\n\t\t\t\t<div class=\"elementor-element elementor-element-2799f4e2 elementor-widget elementor-widget-text-editor\" data-id=\"2799f4e2\" data-element_type=\"widget\" data-widget_type=\"text-editor.default\">\n\t\t\t\t<div class=\"elementor-widget-container\">\n\t\t\t\t\t\t\t<p style=\"text-align: center;\"><strong>Email:\u00a0<\/strong><\/p><p style=\"text-align: center;\"><span style=\"text-decoration: underline;\">ventas@aceitesantifrixion.com kicantifriccionantes@hotmail.com<\/span><\/p>\t\t\t\t\t\t<\/div>\n\t\t\t\t<\/div>\n\t\t\t\t\t<\/div>\n\t\t<\/div>\n\t\t\t\t\t<\/div>\n\t\t<\/section>\n\t\t\t\t<section class=\"elementor-section elementor-inner-section elementor-element elementor-element-50cc67aa elementor-section-boxed elementor-section-height-default elementor-section-height-default\" data-id=\"50cc67aa\" data-element_type=\"section\">\n\t\t\t\t\t\t<div class=\"elementor-container elementor-column-gap-default\">\n\t\t\t\t\t<div class=\"elementor-column elementor-col-50 elementor-inner-column elementor-element elementor-element-4cdd179a\" data-id=\"4cdd179a\" data-element_type=\"column\">\n\t\t\t<div class=\"elementor-widget-wrap elementor-element-populated\">\n\t\t\t\t\t\t<div class=\"elementor-element elementor-element-4032ffa0 elementor-widget elementor-widget-heading\" data-id=\"4032ffa0\" data-element_type=\"widget\" data-widget_type=\"heading.default\">\n\t\t\t\t<div class=\"elementor-widget-container\">\n\t\t\t<div class=\"elementor-heading-title elementor-size-default\">Horarios<\/div>\t\t<\/div>\n\t\t\t\t<\/div>\n\t\t\t\t<div class=\"elementor-element elementor-element-47684d48 elementor-widget elementor-widget-text-editor\" data-id=\"47684d48\" data-element_type=\"widget\" data-widget_type=\"text-editor.default\">\n\t\t\t\t<div class=\"elementor-widget-container\">\n\t\t\t\t\t\t\t<p><strong>lunes- Viernes:<\/strong> 09:30 &#8211; 2:00 pm<\/p><p>\u00a0\u00a0\u00a0\u00a0\u00a0\u00a0\u00a0\u00a0\u00a0\u00a0\u00a0\u00a0\u00a0\u00a0\u00a0\u00a0\u00a0\u00a0\u00a0\u00a0\u00a0\u00a0\u00a0\u00a0\u00a0\u00a0\u00a0 4:00 a 7:00 pm<\/p><div class=\"notranslate\" style=\"all: initial;\">\u00a0<\/div>\t\t\t\t\t\t<\/div>\n\t\t\t\t<\/div>\n\t\t\t\t<div class=\"elementor-element elementor-element-4590db3a elementor-widget elementor-widget-text-editor\" data-id=\"4590db3a\" data-element_type=\"widget\" data-widget_type=\"text-editor.default\">\n\t\t\t\t<div class=\"elementor-widget-container\">\n\t\t\t\t\t\t\t<p><strong>Sabado:<\/strong> 9:30 &#8211; 3:00 pm<\/p><p><strong>Domingo:<\/strong> <span style=\"color: #ff0000;\">cerrado<\/span><\/p><div class=\"notranslate\" style=\"all: initial;\">\u00a0<\/div>\t\t\t\t\t\t<\/div>\n\t\t\t\t<\/div>\n\t\t\t\t\t<\/div>\n\t\t<\/div>\n\t\t\t\t<div class=\"elementor-column elementor-col-50 elementor-inner-column elementor-element elementor-element-2a1d7553\" data-id=\"2a1d7553\" data-element_type=\"column\">\n\t\t\t<div class=\"elementor-widget-wrap elementor-element-populated\">\n\t\t\t\t\t\t<div class=\"elementor-element elementor-element-3dff393a elementor-widget elementor-widget-heading\" data-id=\"3dff393a\" data-element_type=\"widget\" data-widget_type=\"heading.default\">\n\t\t\t\t<div class=\"elementor-widget-container\">\n\t\t\t<div class=\"elementor-heading-title elementor-size-default\">Redes sociales<\/div>\t\t<\/div>\n\t\t\t\t<\/div>\n\t\t\t\t<div class=\"elementor-element elementor-element-522c686 elementor-shape-square elementor-grid-0 e-grid-align-center elementor-widget elementor-widget-social-icons\" data-id=\"522c686\" data-element_type=\"widget\" data-widget_type=\"social-icons.default\">\n\t\t\t\t<div class=\"elementor-widget-container\">\n\t\t\t\t\t<div class=\"elementor-social-icons-wrapper elementor-grid\">\n\t\t\t\t\t\t\t<span class=\"elementor-grid-item\">\n\t\t\t\t\t<a class=\"elementor-icon elementor-social-icon elementor-social-icon-facebook-f elementor-animation-grow elementor-repeater-item-2d0da0c\" href=\"http:\/\/facebook.com\/lubricantesantifriccionantes\" target=\"_blank\">\n\t\t\t\t\t\t<span class=\"elementor-screen-only\">Facebook-f<\/span>\n\t\t\t\t\t\t<i class=\"fab fa-facebook-f\"><\/i>\t\t\t\t\t<\/a>\n\t\t\t\t<\/span>\n\t\t\t\t\t\t\t<span class=\"elementor-grid-item\">\n\t\t\t\t\t<a class=\"elementor-icon elementor-social-icon elementor-social-icon-youtube elementor-animation-grow elementor-repeater-item-d138417\" href=\"https:\/\/www.youtube.com\/channel\/UCKksdDUQTcJMscQPLkvaDGQ\" target=\"_blank\">\n\t\t\t\t\t\t<span class=\"elementor-screen-only\">Youtube<\/span>\n\t\t\t\t\t\t<i class=\"fab fa-youtube\"><\/i>\t\t\t\t\t<\/a>\n\t\t\t\t<\/span>\n\t\t\t\t\t<\/div>\n\t\t\t\t<\/div>\n\t\t\t\t<\/div>\n\t\t\t\t\t<\/div>\n\t\t<\/div>\n\t\t\t\t\t<\/div>\n\t\t<\/section>\n\t\t\t\t\t<\/div>\n\t\t<\/div>\n\t\t\t\t\t<\/div>\n\t\t<\/section>\n\t\t\t\t<\/div>\n\t\t","protected":false},"excerpt":{"rendered":"<p>Cont\u00e1ctanos: UBICACI\u00d3NES PLANTA TOLUCA EDO MEX TLALPAN CD DE MEX GUANAJUATO,GTO FRESNILLO, ZACATECAS \u00a0DURANGO, DGO OFICINAS GENERALES Enrique Carrola Antuna 1517 Col 22 de septiembre DurangoDgo. CP: 34286 N\u00fameros de tel\u00e9fono Tel\u00e9fono: 618-163-5573 Oficina: 6188101887- 618 449 0898 Email:\u00a0 ventas@aceitesantifrixion.com kicantifriccionantes@hotmail.com Horarios lunes- Viernes: 09:30 &#8211; 2:00 pm \u00a0\u00a0\u00a0\u00a0\u00a0\u00a0\u00a0\u00a0\u00a0\u00a0\u00a0\u00a0\u00a0\u00a0\u00a0\u00a0\u00a0\u00a0\u00a0\u00a0\u00a0\u00a0\u00a0\u00a0\u00a0\u00a0\u00a0 4:00 a 7:00 pm \u00a0 Sabado: [&hellip;]<\/p>\n","protected":false},"author":1,"featured_media":0,"parent":0,"menu_order":0,"comment_status":"closed","ping_status":"closed","template":"elementor_header_footer","meta":{"footnotes":""},"class_list":["post-13747","page","type-page","status-publish","hentry"],"_links":{"self":[{"href":"https:\/\/aceitesantifrixion.com\/index.php\/wp-json\/wp\/v2\/pages\/13747","targetHints":{"allow":["GET"]}}],"collection":[{"href":"https:\/\/aceitesantifrixion.com\/index.php\/wp-json\/wp\/v2\/pages"}],"about":[{"href":"https:\/\/aceitesantifrixion.com\/index.php\/wp-json\/wp\/v2\/types\/page"}],"author":[{"embeddable":true,"href":"https:\/\/aceitesantifrixion.com\/index.php\/wp-json\/wp\/v2\/users\/1"}],"replies":[{"embeddable":true,"href":"https:\/\/aceitesantifrixion.com\/index.php\/wp-json\/wp\/v2\/comments?post=13747"}],"version-history":[{"count":98,"href":"https:\/\/aceitesantifrixion.com\/index.php\/wp-json\/wp\/v2\/pages\/13747\/revisions"}],"predecessor-version":[{"id":14781,"href":"https:\/\/aceitesantifrixion.com\/index.php\/wp-json\/wp\/v2\/pages\/13747\/revisions\/14781"}],"wp:attachment":[{"href":"https:\/\/aceitesantifrixion.com\/index.php\/wp-json\/wp\/v2\/media?parent=13747"}],"curies":[{"name":"wp","href":"https:\/\/api.w.org\/{rel}","templated":true}]}}