{"id":13966,"date":"2022-05-26T17:29:53","date_gmt":"2022-05-26T17:29:53","guid":{"rendered":"https:\/\/aceitesantifrixion.com\/?page_id=13966"},"modified":"2024-09-30T16:10:53","modified_gmt":"2024-09-30T16:10:53","slug":"aceite-hidraulico-dt-2526-iso-4668","status":"publish","type":"page","link":"https:\/\/aceitesantifrixion.com\/index.php\/aceite-hidraulico-dt-2526-iso-4668\/","title":{"rendered":"ACEITE HIDRAULICO DT 25,26 ISO 46,68"},"content":{"rendered":"\t\t<div data-elementor-type=\"wp-page\" data-elementor-id=\"13966\" class=\"elementor elementor-13966\">\n\t\t\t\t\t\t<section class=\"elementor-section elementor-top-section elementor-element elementor-element-ad1a40d elementor-section-boxed elementor-section-height-default elementor-section-height-default\" data-id=\"ad1a40d\" data-element_type=\"section\" data-settings=\"{&quot;background_background&quot;:&quot;classic&quot;}\">\n\t\t\t\t\t\t<div class=\"elementor-container elementor-column-gap-default\">\n\t\t\t\t\t<div class=\"elementor-column elementor-col-100 elementor-top-column elementor-element elementor-element-1a7683c\" data-id=\"1a7683c\" data-element_type=\"column\">\n\t\t\t<div class=\"elementor-widget-wrap elementor-element-populated\">\n\t\t\t\t\t\t<div class=\"elementor-element elementor-element-0180cd8 elementor-widget elementor-widget-heading\" data-id=\"0180cd8\" data-element_type=\"widget\" data-widget_type=\"heading.default\">\n\t\t\t\t<div class=\"elementor-widget-container\">\n\t\t\t<h4 class=\"elementor-heading-title elementor-size-default\">ACEITE HIDRAULICO DT 25,26 ISO 46,68 <\/h4>\t\t<\/div>\n\t\t\t\t<\/div>\n\t\t\t\t\t<\/div>\n\t\t<\/div>\n\t\t\t\t\t<\/div>\n\t\t<\/section>\n\t\t\t\t<section class=\"elementor-section elementor-top-section elementor-element elementor-element-4417f83 elementor-section-content-middle elementor-section-boxed elementor-section-height-default elementor-section-height-default\" data-id=\"4417f83\" data-element_type=\"section\">\n\t\t\t\t\t\t<div class=\"elementor-container elementor-column-gap-no\">\n\t\t\t\t\t<div class=\"elementor-column elementor-col-50 elementor-top-column elementor-element elementor-element-d4a3fd0\" data-id=\"d4a3fd0\" data-element_type=\"column\">\n\t\t\t<div class=\"elementor-widget-wrap elementor-element-populated\">\n\t\t\t\t\t\t<div class=\"elementor-element elementor-element-6cb9e09 elementor-widget elementor-widget-text-editor\" data-id=\"6cb9e09\" data-element_type=\"widget\" data-widget_type=\"text-editor.default\">\n\t\t\t\t<div class=\"elementor-widget-container\">\n\t\t\t\t\t\t\t<p><span id=\"page3R_mcid10\" class=\"markedContent\"><span dir=\"ltr\" role=\"presentation\">El aceite hidr\u00e1ulico<\/span> <span dir=\"ltr\" role=\"presentation\">DT<\/span><span dir=\"ltr\" role=\"presentation\">.<\/span> <span dir=\"ltr\" role=\"presentation\">26 ISO<\/span> <span dir=\"ltr\" role=\"presentation\">68<\/span> <span dir=\"ltr\" role=\"presentation\">es una serie de aceites hidr\u00e1ulicos<\/span> <span dir=\"ltr\" role=\"presentation\">anti<\/span><span dir=\"ltr\" role=\"presentation\">&#8211;<\/span><span dir=\"ltr\" role=\"presentation\">desgaste<\/span> <span dir=\"ltr\" role=\"presentation\">de alto desempe\u00f1o. <\/span><\/span><span id=\"page3R_mcid11\" class=\"markedContent\"><\/span><span id=\"page3R_mcid12\" class=\"markedContent\"><span dir=\"ltr\" role=\"presentation\">Cumplen<\/span> <span dir=\"ltr\" role=\"presentation\">y sobrepasan<\/span> <span dir=\"ltr\" role=\"presentation\">los estrictos requerimientos de los sistemas hidr\u00e1ulicos que utilizan bombas de<\/span><br role=\"presentation\" \/><span dir=\"ltr\" role=\"presentation\">alta presi\u00f3n y capacidad<\/span><span dir=\"ltr\" role=\"presentation\">, as\u00ed como otros componentes de sistemas hidr\u00e1ulicos, tales c<\/span><span dir=\"ltr\" role=\"presentation\">omo servo<\/span> <span dir=\"ltr\" role=\"presentation\">v\u00e1lvulas <\/span><span dir=\"ltr\" role=\"presentation\">con huelgos estrechos y m\u00e1quinas herramientas de control num\u00e9rico (CNC).<\/span><\/span><span id=\"page3R_mcid13\" class=\"markedContent\"><\/span><span id=\"page3R_mcid14\" class=\"markedContent\"><br role=\"presentation\" \/><span dir=\"ltr\" role=\"presentation\">DT<\/span><span dir=\"ltr\" role=\"presentation\">.<\/span> <span dir=\"ltr\" role=\"presentation\">26 ISO 68 combina aceites b\u00e1sicos selectos cristalinos y un avanzado paquete de aditivos de <\/span><span dir=\"ltr\" role=\"presentation\">INFINEUM INTERNACIONAL EMPRESA CONJUNTA A EXXON MOBIL Y ROYAL SHELL CHEMICAL <\/span><span dir=\"ltr\" role=\"presentation\">adicionado<\/span> <span dir=\"ltr\" role=\"presentation\">con<\/span> <span dir=\"ltr\" role=\"presentation\">NANOTECNOLOGIA<\/span> <span dir=\"ltr\" role=\"presentation\">ANTIFRICCIONANTE<\/span> <span dir=\"ltr\" role=\"presentation\">para<\/span> <span dir=\"ltr\" role=\"presentation\">ofrecer<\/span> <span dir=\"ltr\" role=\"presentation\">un<\/span> <span dir=\"ltr\" role=\"presentation\">m\u00e1ximo<\/span> <span dir=\"ltr\" role=\"presentation\">rendimiento <\/span><span dir=\"ltr\" role=\"presentation\">nece<\/span><span dir=\"ltr\" role=\"presentation\">sario en las aplicaciones severas de los mandos de equipos mineros y de construcci\u00f3n<\/span><\/span><\/p>\t\t\t\t\t\t<\/div>\n\t\t\t\t<\/div>\n\t\t\t\t\t<\/div>\n\t\t<\/div>\n\t\t\t\t<div class=\"elementor-column elementor-col-50 elementor-top-column elementor-element elementor-element-3322aee\" data-id=\"3322aee\" data-element_type=\"column\">\n\t\t\t<div class=\"elementor-widget-wrap elementor-element-populated\">\n\t\t\t\t\t\t<div class=\"elementor-element elementor-element-19e7b25 elementor-widget elementor-widget-video\" data-id=\"19e7b25\" data-element_type=\"widget\" data-settings=\"{&quot;image_overlay&quot;:{&quot;url&quot;:&quot;https:\\\/\\\/aceitesantifrixion.com\\\/wp-content\\\/uploads\\\/2022\\\/05\\\/2-1.png&quot;,&quot;id&quot;:14148,&quot;size&quot;:&quot;&quot;,&quot;alt&quot;:&quot;&quot;,&quot;source&quot;:&quot;library&quot;},&quot;youtube_url&quot;:&quot;https:\\\/\\\/www.youtube.com\\\/watch?v=IpebsZsdDgw&quot;,&quot;show_image_overlay&quot;:&quot;yes&quot;,&quot;video_type&quot;:&quot;youtube&quot;,&quot;controls&quot;:&quot;yes&quot;}\" data-widget_type=\"video.default\">\n\t\t\t\t<div class=\"elementor-widget-container\">\n\t\t\t\t\t<div class=\"elementor-wrapper elementor-open-inline\">\n\t\t\t<div class=\"elementor-video\"><\/div>\t\t\t\t<div class=\"elementor-custom-embed-image-overlay\" style=\"background-image: url(https:\/\/aceitesantifrixion.com\/wp-content\/uploads\/2022\/05\/2-1.png);\">\n\t\t\t\t\t\t\t\t\t\t\t\t\t\t\t\t<div class=\"elementor-custom-embed-play\" role=\"button\" aria-label=\"Reproducir video\" tabindex=\"0\">\n\t\t\t\t\t\t\t<i aria-hidden=\"true\" class=\"eicon-play\"><\/i>\t\t\t\t\t\t\t<span class=\"elementor-screen-only\">Reproducir video<\/span>\n\t\t\t\t\t\t<\/div>\n\t\t\t\t\t\t\t\t\t<\/div>\n\t\t\t\t\t<\/div>\n\t\t\t\t<\/div>\n\t\t\t\t<\/div>\n\t\t\t\t\t<\/div>\n\t\t<\/div>\n\t\t\t\t\t<\/div>\n\t\t<\/section>\n\t\t\t\t<section class=\"elementor-section elementor-top-section elementor-element elementor-element-2e5cb07 elementor-section-boxed elementor-section-height-default elementor-section-height-default\" data-id=\"2e5cb07\" data-element_type=\"section\">\n\t\t\t\t\t\t<div class=\"elementor-container elementor-column-gap-default\">\n\t\t\t\t\t<div class=\"elementor-column elementor-col-100 elementor-top-column elementor-element elementor-element-91e6a15\" data-id=\"91e6a15\" data-element_type=\"column\">\n\t\t\t<div class=\"elementor-widget-wrap elementor-element-populated\">\n\t\t\t\t\t\t<div class=\"elementor-element elementor-element-9dab76e elementor-align-right elementor-mobile-align-center elementor-widget elementor-widget-button\" data-id=\"9dab76e\" data-element_type=\"widget\" data-widget_type=\"button.default\">\n\t\t\t\t<div class=\"elementor-widget-container\">\n\t\t\t\t\t<div class=\"elementor-button-wrapper\">\n\t\t\t<a class=\"elementor-button elementor-button-link elementor-size-sm elementor-animation-grow\" href=\"https:\/\/wa.link\/ud8zgw\" download=\"\">\n\t\t\t\t\t\t<span class=\"elementor-button-content-wrapper\">\n\t\t\t\t\t\t<span class=\"elementor-button-icon\">\n\t\t\t\t<i aria-hidden=\"true\" class=\"fas fa-arrow-circle-right\"><\/i>\t\t\t<\/span>\n\t\t\t\t\t\t\t\t\t<span class=\"elementor-button-text\">TE INVITAMOS A COTIZAR<\/span>\n\t\t\t\t\t<\/span>\n\t\t\t\t\t<\/a>\n\t\t<\/div>\n\t\t\t\t<\/div>\n\t\t\t\t<\/div>\n\t\t\t\t\t<\/div>\n\t\t<\/div>\n\t\t\t\t\t<\/div>\n\t\t<\/section>\n\t\t\t\t<section class=\"elementor-section elementor-top-section elementor-element elementor-element-a4188e8 elementor-section-boxed elementor-section-height-default elementor-section-height-default\" data-id=\"a4188e8\" data-element_type=\"section\" data-settings=\"{&quot;background_background&quot;:&quot;classic&quot;}\">\n\t\t\t\t\t\t<div class=\"elementor-container elementor-column-gap-default\">\n\t\t\t\t\t<div class=\"elementor-column elementor-col-100 elementor-top-column elementor-element elementor-element-a8e26af\" data-id=\"a8e26af\" data-element_type=\"column\">\n\t\t\t<div class=\"elementor-widget-wrap elementor-element-populated\">\n\t\t\t\t\t\t<div class=\"elementor-element elementor-element-2f5101f elementor-widget elementor-widget-heading\" data-id=\"2f5101f\" data-element_type=\"widget\" data-widget_type=\"heading.default\">\n\t\t\t\t<div class=\"elementor-widget-container\">\n\t\t\t<h4 class=\"elementor-heading-title elementor-size-default\">Ficha T\u00e9cnica<\/h4>\t\t<\/div>\n\t\t\t\t<\/div>\n\t\t\t\t\t<\/div>\n\t\t<\/div>\n\t\t\t\t\t<\/div>\n\t\t<\/section>\n\t\t\t\t<section class=\"elementor-section elementor-top-section elementor-element elementor-element-de6bc89 elementor-section-boxed elementor-section-height-default elementor-section-height-default\" data-id=\"de6bc89\" data-element_type=\"section\">\n\t\t\t\t\t\t<div class=\"elementor-container elementor-column-gap-default\">\n\t\t\t\t\t<div class=\"elementor-column elementor-col-100 elementor-top-column elementor-element elementor-element-0f1318c\" data-id=\"0f1318c\" data-element_type=\"column\">\n\t\t\t<div class=\"elementor-widget-wrap elementor-element-populated\">\n\t\t\t\t\t\t<div class=\"elementor-element elementor-element-c427766 elementor-widget elementor-widget-shortcode\" data-id=\"c427766\" data-element_type=\"widget\" data-widget_type=\"shortcode.default\">\n\t\t\t\t<div class=\"elementor-widget-container\">\n\t\t\t\t\t<div class=\"elementor-shortcode\"><a href=\"https:\/\/aceitesantifrixion.com\/wp-content\/uploads\/2022\/05\/FICHA-TEC.-DT.-26-ISO-68.pdf\" class=\"pdfemb-viewer\" style=\"\" data-width=\"max\" data-height=\"max\" data-toolbar=\"bottom\" data-toolbar-fixed=\"off\">FICHA-TEC.-DT.-26-ISO-68<\/a><\/div>\n\t\t\t\t<\/div>\n\t\t\t\t<\/div>\n\t\t\t\t\t<\/div>\n\t\t<\/div>\n\t\t\t\t\t<\/div>\n\t\t<\/section>\n\t\t\t\t<section class=\"elementor-section elementor-top-section elementor-element elementor-element-bf188b7 elementor-section-boxed elementor-section-height-default elementor-section-height-default\" data-id=\"bf188b7\" data-element_type=\"section\">\n\t\t\t\t\t\t<div class=\"elementor-container elementor-column-gap-default\">\n\t\t\t\t\t<div class=\"elementor-column elementor-col-100 elementor-top-column elementor-element elementor-element-85d79eb\" data-id=\"85d79eb\" data-element_type=\"column\">\n\t\t\t<div class=\"elementor-widget-wrap elementor-element-populated\">\n\t\t\t\t\t\t<div class=\"elementor-element elementor-element-058f716 elementor-align-right elementor-mobile-align-center elementor-widget elementor-widget-button\" data-id=\"058f716\" data-element_type=\"widget\" data-widget_type=\"button.default\">\n\t\t\t\t<div class=\"elementor-widget-container\">\n\t\t\t\t\t<div class=\"elementor-button-wrapper\">\n\t\t\t<a class=\"elementor-button elementor-button-link elementor-size-sm elementor-animation-grow\" href=\"https:\/\/aceitesantifrixion.com\/wp-content\/uploads\/2022\/05\/FICHA-TEC.-DT.-26-ISO-68.pdf\" download=\"\">\n\t\t\t\t\t\t<span class=\"elementor-button-content-wrapper\">\n\t\t\t\t\t\t<span class=\"elementor-button-icon\">\n\t\t\t\t<i aria-hidden=\"true\" class=\"fas fa-arrow-circle-right\"><\/i>\t\t\t<\/span>\n\t\t\t\t\t\t\t\t\t<span class=\"elementor-button-text\">Descargar<\/span>\n\t\t\t\t\t<\/span>\n\t\t\t\t\t<\/a>\n\t\t<\/div>\n\t\t\t\t<\/div>\n\t\t\t\t<\/div>\n\t\t\t\t\t<\/div>\n\t\t<\/div>\n\t\t\t\t\t<\/div>\n\t\t<\/section>\n\t\t\t\t<\/div>\n\t\t","protected":false},"excerpt":{"rendered":"<p>ACEITE HIDRAULICO DT 25,26 ISO 46,68 El aceite hidr\u00e1ulico DT. 26 ISO 68 es una serie de aceites hidr\u00e1ulicos anti-desgaste de alto desempe\u00f1o. Cumplen y sobrepasan los estrictos requerimientos de los sistemas hidr\u00e1ulicos que utilizan bombas dealta presi\u00f3n y capacidad, as\u00ed como otros componentes de sistemas hidr\u00e1ulicos, tales como servo v\u00e1lvulas con huelgos estrechos y [&hellip;]<\/p>\n","protected":false},"author":1,"featured_media":0,"parent":0,"menu_order":0,"comment_status":"closed","ping_status":"closed","template":"","meta":{"footnotes":""},"class_list":["post-13966","page","type-page","status-publish","hentry"],"_links":{"self":[{"href":"https:\/\/aceitesantifrixion.com\/index.php\/wp-json\/wp\/v2\/pages\/13966","targetHints":{"allow":["GET"]}}],"collection":[{"href":"https:\/\/aceitesantifrixion.com\/index.php\/wp-json\/wp\/v2\/pages"}],"about":[{"href":"https:\/\/aceitesantifrixion.com\/index.php\/wp-json\/wp\/v2\/types\/page"}],"author":[{"embeddable":true,"href":"https:\/\/aceitesantifrixion.com\/index.php\/wp-json\/wp\/v2\/users\/1"}],"replies":[{"embeddable":true,"href":"https:\/\/aceitesantifrixion.com\/index.php\/wp-json\/wp\/v2\/comments?post=13966"}],"version-history":[{"count":28,"href":"https:\/\/aceitesantifrixion.com\/index.php\/wp-json\/wp\/v2\/pages\/13966\/revisions"}],"predecessor-version":[{"id":14776,"href":"https:\/\/aceitesantifrixion.com\/index.php\/wp-json\/wp\/v2\/pages\/13966\/revisions\/14776"}],"wp:attachment":[{"href":"https:\/\/aceitesantifrixion.com\/index.php\/wp-json\/wp\/v2\/media?parent=13966"}],"curies":[{"name":"wp","href":"https:\/\/api.w.org\/{rel}","templated":true}]}}