{"id":13976,"date":"2022-05-26T17:36:28","date_gmt":"2022-05-26T17:36:28","guid":{"rendered":"https:\/\/aceitesantifrixion.com\/?page_id=13976"},"modified":"2024-09-30T16:11:13","modified_gmt":"2024-09-30T16:11:13","slug":"aceite-almu-rock-drill-529530532","status":"publish","type":"page","link":"https:\/\/aceitesantifrixion.com\/index.php\/aceite-almu-rock-drill-529530532\/","title":{"rendered":"ACEITE ALMU ROCK DRILL 529,530,532"},"content":{"rendered":"\t\t<div data-elementor-type=\"wp-page\" data-elementor-id=\"13976\" class=\"elementor elementor-13976\">\n\t\t\t\t\t\t<section class=\"elementor-section elementor-top-section elementor-element elementor-element-3d5693d elementor-section-boxed elementor-section-height-default elementor-section-height-default\" data-id=\"3d5693d\" data-element_type=\"section\" data-settings=\"{&quot;background_background&quot;:&quot;classic&quot;}\">\n\t\t\t\t\t\t<div class=\"elementor-container elementor-column-gap-default\">\n\t\t\t\t\t<div class=\"elementor-column elementor-col-100 elementor-top-column elementor-element elementor-element-a28fb4f\" data-id=\"a28fb4f\" data-element_type=\"column\">\n\t\t\t<div class=\"elementor-widget-wrap elementor-element-populated\">\n\t\t\t\t\t\t<div class=\"elementor-element elementor-element-2e8d89c elementor-widget elementor-widget-heading\" data-id=\"2e8d89c\" data-element_type=\"widget\" data-widget_type=\"heading.default\">\n\t\t\t\t<div class=\"elementor-widget-container\">\n\t\t\t<h4 class=\"elementor-heading-title elementor-size-default\">ACEITE ALMU ROCK DRILL 529,530,532 <\/h4>\t\t<\/div>\n\t\t\t\t<\/div>\n\t\t\t\t\t<\/div>\n\t\t<\/div>\n\t\t\t\t\t<\/div>\n\t\t<\/section>\n\t\t\t\t<section class=\"elementor-section elementor-top-section elementor-element elementor-element-2899fae elementor-section-content-middle elementor-section-boxed elementor-section-height-default elementor-section-height-default\" data-id=\"2899fae\" data-element_type=\"section\">\n\t\t\t\t\t\t<div class=\"elementor-container elementor-column-gap-no\">\n\t\t\t\t\t<div class=\"elementor-column elementor-col-50 elementor-top-column elementor-element elementor-element-5683c58\" data-id=\"5683c58\" data-element_type=\"column\">\n\t\t\t<div class=\"elementor-widget-wrap elementor-element-populated\">\n\t\t\t\t\t\t<div class=\"elementor-element elementor-element-bb29523 elementor-widget elementor-widget-text-editor\" data-id=\"bb29523\" data-element_type=\"widget\" data-widget_type=\"text-editor.default\">\n\t\t\t\t<div class=\"elementor-widget-container\">\n\t\t\t\t\t\t\t<p><span id=\"page3R_mcid5\" class=\"markedContent\"><span dir=\"ltr\" role=\"presentation\">El aceite Rock Drill ALMU 529 para herramientas neum\u00e1ticas son<\/span> <span dir=\"ltr\" role=\"presentation\">de alto<\/span> <span dir=\"ltr\" role=\"presentation\">desempe\u00f1o<\/span> <span dir=\"ltr\" role=\"presentation\">dise\u00f1ados para usarse <\/span><span dir=\"ltr\" role=\"presentation\">principalmente en la lubricaci\u00f3n de taladradoras neum\u00e1ticas de roca<\/span><span dir=\"ltr\" role=\"presentation\">,<\/span> <span dir=\"ltr\" role=\"presentation\">usadas en operaciones de miner\u00eda<\/span><br role=\"presentation\" \/><span dir=\"ltr\" role=\"presentation\">superficial y subterr\u00e1nea. Estos Aceit<\/span><span dir=\"ltr\" role=\"presentation\">es est\u00e1n formulados a partir de<\/span> <span dir=\"ltr\" role=\"presentation\">b\u00e1sicos de importaci\u00f3n<\/span> <span dir=\"ltr\" role=\"presentation\">y aditivos de <\/span><span dir=\"ltr\" role=\"presentation\">calidad<\/span> <span dir=\"ltr\" role=\"presentation\">INFINEUM ya que esta empresa es conjunta de las l\u00edneas de productos aditivos de Exxon Mobil <\/span><span dir=\"ltr\" role=\"presentation\">Chemical y Dutch Shell Chemical<\/span><\/span><\/p>\t\t\t\t\t\t<\/div>\n\t\t\t\t<\/div>\n\t\t\t\t\t<\/div>\n\t\t<\/div>\n\t\t\t\t<div class=\"elementor-column elementor-col-50 elementor-top-column elementor-element elementor-element-1ccfe5b\" data-id=\"1ccfe5b\" data-element_type=\"column\">\n\t\t\t<div class=\"elementor-widget-wrap elementor-element-populated\">\n\t\t\t\t\t\t<div class=\"elementor-element elementor-element-019ccfc elementor-widget elementor-widget-video\" data-id=\"019ccfc\" data-element_type=\"widget\" data-settings=\"{&quot;image_overlay&quot;:{&quot;url&quot;:&quot;https:\\\/\\\/aceitesantifrixion.com\\\/wp-content\\\/uploads\\\/2022\\\/05\\\/3-2.png&quot;,&quot;id&quot;:14149,&quot;size&quot;:&quot;&quot;,&quot;alt&quot;:&quot;&quot;,&quot;source&quot;:&quot;library&quot;},&quot;youtube_url&quot;:&quot;https:\\\/\\\/www.youtube.com\\\/watch?v=BdvR1SRmWn0&quot;,&quot;show_image_overlay&quot;:&quot;yes&quot;,&quot;video_type&quot;:&quot;youtube&quot;,&quot;controls&quot;:&quot;yes&quot;}\" data-widget_type=\"video.default\">\n\t\t\t\t<div class=\"elementor-widget-container\">\n\t\t\t\t\t<div class=\"elementor-wrapper elementor-open-inline\">\n\t\t\t<div class=\"elementor-video\"><\/div>\t\t\t\t<div class=\"elementor-custom-embed-image-overlay\" style=\"background-image: url(https:\/\/aceitesantifrixion.com\/wp-content\/uploads\/2022\/05\/3-2.png);\">\n\t\t\t\t\t\t\t\t\t\t\t\t\t\t\t\t<div class=\"elementor-custom-embed-play\" role=\"button\" aria-label=\"Reproducir video\" tabindex=\"0\">\n\t\t\t\t\t\t\t<i aria-hidden=\"true\" class=\"eicon-play\"><\/i>\t\t\t\t\t\t\t<span class=\"elementor-screen-only\">Reproducir video<\/span>\n\t\t\t\t\t\t<\/div>\n\t\t\t\t\t\t\t\t\t<\/div>\n\t\t\t\t\t<\/div>\n\t\t\t\t<\/div>\n\t\t\t\t<\/div>\n\t\t\t\t\t<\/div>\n\t\t<\/div>\n\t\t\t\t\t<\/div>\n\t\t<\/section>\n\t\t\t\t<section class=\"elementor-section elementor-top-section elementor-element elementor-element-1b0968a elementor-section-boxed elementor-section-height-default elementor-section-height-default\" data-id=\"1b0968a\" data-element_type=\"section\">\n\t\t\t\t\t\t<div class=\"elementor-container elementor-column-gap-default\">\n\t\t\t\t\t<div class=\"elementor-column elementor-col-100 elementor-top-column elementor-element elementor-element-95e48ec\" data-id=\"95e48ec\" data-element_type=\"column\">\n\t\t\t<div class=\"elementor-widget-wrap elementor-element-populated\">\n\t\t\t\t\t\t<div class=\"elementor-element elementor-element-512eaad elementor-align-right elementor-mobile-align-center elementor-widget elementor-widget-button\" data-id=\"512eaad\" data-element_type=\"widget\" data-widget_type=\"button.default\">\n\t\t\t\t<div class=\"elementor-widget-container\">\n\t\t\t\t\t<div class=\"elementor-button-wrapper\">\n\t\t\t<a class=\"elementor-button elementor-button-link elementor-size-sm elementor-animation-grow\" href=\"https:\/\/wa.link\/ud8zgw\" download=\"\">\n\t\t\t\t\t\t<span class=\"elementor-button-content-wrapper\">\n\t\t\t\t\t\t<span class=\"elementor-button-icon\">\n\t\t\t\t<i aria-hidden=\"true\" class=\"fas fa-arrow-circle-right\"><\/i>\t\t\t<\/span>\n\t\t\t\t\t\t\t\t\t<span class=\"elementor-button-text\">TE INVITAMOS A COTIZAR<\/span>\n\t\t\t\t\t<\/span>\n\t\t\t\t\t<\/a>\n\t\t<\/div>\n\t\t\t\t<\/div>\n\t\t\t\t<\/div>\n\t\t\t\t\t<\/div>\n\t\t<\/div>\n\t\t\t\t\t<\/div>\n\t\t<\/section>\n\t\t\t\t<section class=\"elementor-section elementor-top-section elementor-element elementor-element-f549d87 elementor-section-boxed elementor-section-height-default elementor-section-height-default\" data-id=\"f549d87\" data-element_type=\"section\" data-settings=\"{&quot;background_background&quot;:&quot;classic&quot;}\">\n\t\t\t\t\t\t<div class=\"elementor-container elementor-column-gap-default\">\n\t\t\t\t\t<div class=\"elementor-column elementor-col-100 elementor-top-column elementor-element elementor-element-6be6a54\" data-id=\"6be6a54\" data-element_type=\"column\">\n\t\t\t<div class=\"elementor-widget-wrap elementor-element-populated\">\n\t\t\t\t\t\t<div class=\"elementor-element elementor-element-32b881f elementor-widget elementor-widget-heading\" data-id=\"32b881f\" data-element_type=\"widget\" data-widget_type=\"heading.default\">\n\t\t\t\t<div class=\"elementor-widget-container\">\n\t\t\t<h4 class=\"elementor-heading-title elementor-size-default\">Ficha T\u00e9cnica<\/h4>\t\t<\/div>\n\t\t\t\t<\/div>\n\t\t\t\t\t<\/div>\n\t\t<\/div>\n\t\t\t\t\t<\/div>\n\t\t<\/section>\n\t\t\t\t<section class=\"elementor-section elementor-top-section elementor-element elementor-element-605d898 elementor-section-boxed elementor-section-height-default elementor-section-height-default\" data-id=\"605d898\" data-element_type=\"section\">\n\t\t\t\t\t\t<div class=\"elementor-container elementor-column-gap-default\">\n\t\t\t\t\t<div class=\"elementor-column elementor-col-100 elementor-top-column elementor-element elementor-element-1650cf8\" data-id=\"1650cf8\" data-element_type=\"column\">\n\t\t\t<div class=\"elementor-widget-wrap elementor-element-populated\">\n\t\t\t\t\t\t<div class=\"elementor-element elementor-element-f1e5f84 elementor-widget elementor-widget-shortcode\" data-id=\"f1e5f84\" data-element_type=\"widget\" data-widget_type=\"shortcode.default\">\n\t\t\t\t<div class=\"elementor-widget-container\">\n\t\t\t\t\t<div class=\"elementor-shortcode\"><a href=\"https:\/\/aceitesantifrixion.com\/wp-content\/uploads\/2022\/05\/FICHA-TEC.-ROCK-ALMU-529.pdf\" class=\"pdfemb-viewer\" style=\"\" data-width=\"max\" data-height=\"max\" data-toolbar=\"bottom\" data-toolbar-fixed=\"off\">FICHA-TEC.-ROCK-ALMU-529<\/a><\/div>\n\t\t\t\t<\/div>\n\t\t\t\t<\/div>\n\t\t\t\t\t<\/div>\n\t\t<\/div>\n\t\t\t\t\t<\/div>\n\t\t<\/section>\n\t\t\t\t<section class=\"elementor-section elementor-top-section elementor-element elementor-element-47e05a2 elementor-section-boxed elementor-section-height-default elementor-section-height-default\" data-id=\"47e05a2\" data-element_type=\"section\">\n\t\t\t\t\t\t<div class=\"elementor-container elementor-column-gap-default\">\n\t\t\t\t\t<div class=\"elementor-column elementor-col-100 elementor-top-column elementor-element elementor-element-33ddb02\" data-id=\"33ddb02\" data-element_type=\"column\">\n\t\t\t<div class=\"elementor-widget-wrap elementor-element-populated\">\n\t\t\t\t\t\t<div class=\"elementor-element elementor-element-019362a elementor-align-right elementor-mobile-align-center elementor-widget elementor-widget-button\" data-id=\"019362a\" data-element_type=\"widget\" data-widget_type=\"button.default\">\n\t\t\t\t<div class=\"elementor-widget-container\">\n\t\t\t\t\t<div class=\"elementor-button-wrapper\">\n\t\t\t<a class=\"elementor-button elementor-button-link elementor-size-sm elementor-animation-grow\" href=\"https:\/\/aceitesantifrixion.com\/wp-content\/uploads\/2022\/05\/FICHA-TEC.-ROCK-ALMU-529.pdf\" download=\"\">\n\t\t\t\t\t\t<span class=\"elementor-button-content-wrapper\">\n\t\t\t\t\t\t<span class=\"elementor-button-icon\">\n\t\t\t\t<i aria-hidden=\"true\" class=\"fas fa-arrow-circle-right\"><\/i>\t\t\t<\/span>\n\t\t\t\t\t\t\t\t\t<span class=\"elementor-button-text\">Descargar<\/span>\n\t\t\t\t\t<\/span>\n\t\t\t\t\t<\/a>\n\t\t<\/div>\n\t\t\t\t<\/div>\n\t\t\t\t<\/div>\n\t\t\t\t\t<\/div>\n\t\t<\/div>\n\t\t\t\t\t<\/div>\n\t\t<\/section>\n\t\t\t\t<\/div>\n\t\t","protected":false},"excerpt":{"rendered":"<p>ACEITE ALMU ROCK DRILL 529,530,532 El aceite Rock Drill ALMU 529 para herramientas neum\u00e1ticas son de alto desempe\u00f1o dise\u00f1ados para usarse principalmente en la lubricaci\u00f3n de taladradoras neum\u00e1ticas de roca, usadas en operaciones de miner\u00edasuperficial y subterr\u00e1nea. Estos Aceites est\u00e1n formulados a partir de b\u00e1sicos de importaci\u00f3n y aditivos de calidad INFINEUM ya que esta [&hellip;]<\/p>\n","protected":false},"author":1,"featured_media":0,"parent":0,"menu_order":0,"comment_status":"closed","ping_status":"closed","template":"","meta":{"footnotes":""},"class_list":["post-13976","page","type-page","status-publish","hentry"],"_links":{"self":[{"href":"https:\/\/aceitesantifrixion.com\/index.php\/wp-json\/wp\/v2\/pages\/13976","targetHints":{"allow":["GET"]}}],"collection":[{"href":"https:\/\/aceitesantifrixion.com\/index.php\/wp-json\/wp\/v2\/pages"}],"about":[{"href":"https:\/\/aceitesantifrixion.com\/index.php\/wp-json\/wp\/v2\/types\/page"}],"author":[{"embeddable":true,"href":"https:\/\/aceitesantifrixion.com\/index.php\/wp-json\/wp\/v2\/users\/1"}],"replies":[{"embeddable":true,"href":"https:\/\/aceitesantifrixion.com\/index.php\/wp-json\/wp\/v2\/comments?post=13976"}],"version-history":[{"count":25,"href":"https:\/\/aceitesantifrixion.com\/index.php\/wp-json\/wp\/v2\/pages\/13976\/revisions"}],"predecessor-version":[{"id":14779,"href":"https:\/\/aceitesantifrixion.com\/index.php\/wp-json\/wp\/v2\/pages\/13976\/revisions\/14779"}],"wp:attachment":[{"href":"https:\/\/aceitesantifrixion.com\/index.php\/wp-json\/wp\/v2\/media?parent=13976"}],"curies":[{"name":"wp","href":"https:\/\/api.w.org\/{rel}","templated":true}]}}