{"id":13990,"date":"2022-05-26T17:48:38","date_gmt":"2022-05-26T17:48:38","guid":{"rendered":"https:\/\/aceitesantifrixion.com\/?page_id=13990"},"modified":"2024-09-30T16:08:21","modified_gmt":"2024-09-30T16:08:21","slug":"aceite-fluido-424-j20c","status":"publish","type":"page","link":"https:\/\/aceitesantifrixion.com\/index.php\/aceite-fluido-424-j20c\/","title":{"rendered":"Aceite Fluido 424 J20C"},"content":{"rendered":"\t\t<div data-elementor-type=\"wp-page\" data-elementor-id=\"13990\" class=\"elementor elementor-13990\">\n\t\t\t\t\t\t<section class=\"elementor-section elementor-top-section elementor-element elementor-element-f36f829 elementor-section-boxed elementor-section-height-default elementor-section-height-default\" data-id=\"f36f829\" data-element_type=\"section\" data-settings=\"{&quot;background_background&quot;:&quot;classic&quot;}\">\n\t\t\t\t\t\t<div class=\"elementor-container elementor-column-gap-default\">\n\t\t\t\t\t<div class=\"elementor-column elementor-col-100 elementor-top-column elementor-element elementor-element-21b4cd1\" data-id=\"21b4cd1\" data-element_type=\"column\">\n\t\t\t<div class=\"elementor-widget-wrap elementor-element-populated\">\n\t\t\t\t\t\t<div class=\"elementor-element elementor-element-de35f33 elementor-widget elementor-widget-heading\" data-id=\"de35f33\" data-element_type=\"widget\" data-widget_type=\"heading.default\">\n\t\t\t\t<div class=\"elementor-widget-container\">\n\t\t\t<h4 class=\"elementor-heading-title elementor-size-default\">Aceite Fluido 424 J20C  <\/h4>\t\t<\/div>\n\t\t\t\t<\/div>\n\t\t\t\t\t<\/div>\n\t\t<\/div>\n\t\t\t\t\t<\/div>\n\t\t<\/section>\n\t\t\t\t<section class=\"elementor-section elementor-top-section elementor-element elementor-element-d28b4a0 elementor-section-content-middle elementor-section-boxed elementor-section-height-default elementor-section-height-default\" data-id=\"d28b4a0\" data-element_type=\"section\">\n\t\t\t\t\t\t<div class=\"elementor-container elementor-column-gap-no\">\n\t\t\t\t\t<div class=\"elementor-column elementor-col-50 elementor-top-column elementor-element elementor-element-511b0ca\" data-id=\"511b0ca\" data-element_type=\"column\">\n\t\t\t<div class=\"elementor-widget-wrap elementor-element-populated\">\n\t\t\t\t\t\t<div class=\"elementor-element elementor-element-7b99ffb elementor-widget elementor-widget-text-editor\" data-id=\"7b99ffb\" data-element_type=\"widget\" data-widget_type=\"text-editor.default\">\n\t\t\t\t<div class=\"elementor-widget-container\">\n\t\t\t\t\t\t\t<p><span id=\"page3R_mcid9\" class=\"markedContent\"><span dir=\"ltr\" role=\"presentation\">FLUID<\/span><span dir=\"ltr\" role=\"presentation\">O<\/span> <span dir=\"ltr\" role=\"presentation\">424<\/span> <span dir=\"ltr\" role=\"presentation\">J20C<\/span> <span dir=\"ltr\" role=\"presentation\">es un lubricante multiprop\u00f3sito de muy alto rendimiento dise\u00f1ado para cumplir <\/span><span dir=\"ltr\" role=\"presentation\">y exceder<\/span> <span dir=\"ltr\" role=\"presentation\">los requerimientos de lubricaci\u00f3n de los fluidos para transmisiones y sistemas <\/span><span dir=\"ltr\" role=\"presentation\">hidr\u00e1ulicos. Su avanzada tecnolog\u00eda optimiza el rendimiento protegi\u00e9ndolo del desgaste por <\/span><span dir=\"ltr\" role=\"presentation\">con<\/span><span dir=\"ltr\" role=\"presentation\">tam\u00ednate<\/span> <span dir=\"ltr\" role=\"presentation\">de<\/span> <span dir=\"ltr\" role=\"presentation\">silicio.<\/span> <span dir=\"ltr\" role=\"presentation\">FLUID<\/span><span dir=\"ltr\" role=\"presentation\">O<\/span> <span dir=\"ltr\" role=\"presentation\">424<\/span> <span dir=\"ltr\" role=\"presentation\">J20C<\/span> <span dir=\"ltr\" role=\"presentation\">combina<\/span> <span dir=\"ltr\" role=\"presentation\">aceites<\/span> <span dir=\"ltr\" role=\"presentation\">base<\/span> <span dir=\"ltr\" role=\"presentation\">selectos<\/span> <span dir=\"ltr\" role=\"presentation\">de<\/span> <span dir=\"ltr\" role=\"presentation\">alta <\/span><span dir=\"ltr\" role=\"presentation\">transparencia<\/span> <span dir=\"ltr\" role=\"presentation\">y<\/span> <span dir=\"ltr\" role=\"presentation\">un<\/span> <span dir=\"ltr\" role=\"presentation\">avanzado<\/span> <span dir=\"ltr\" role=\"presentation\">paquete<\/span> <span dir=\"ltr\" role=\"presentation\">de<\/span> <span dir=\"ltr\" role=\"presentation\">aditivos<\/span> <span dir=\"ltr\" role=\"presentation\">de<\/span> <span dir=\"ltr\" role=\"presentation\">INFINEUM<\/span> <span dir=\"ltr\" role=\"presentation\">INTERNACIONAL <\/span><span dir=\"ltr\" role=\"presentation\">EMPRESA<\/span> <span dir=\"ltr\" role=\"presentation\">CONJUNTA<\/span> <span dir=\"ltr\" role=\"presentation\">A EXXON MOBIL CHEMICAL<\/span> <span dir=\"ltr\" role=\"presentation\">y con el<\/span> <span dir=\"ltr\" role=\"presentation\">PLUS<\/span> <span dir=\"ltr\" role=\"presentation\">DE<\/span> <span dir=\"ltr\" role=\"presentation\">ANTIFRICCIONANTE <\/span><span dir=\"ltr\" role=\"presentation\">para ofrecer<\/span> <span dir=\"ltr\" role=\"presentation\">mayor<\/span> <span dir=\"ltr\" role=\"presentation\">rendimiento<\/span> <span dir=\"ltr\" role=\"presentation\">de lo<\/span> <span dir=\"ltr\" role=\"presentation\">necesario<\/span><span dir=\"ltr\" role=\"presentation\">,<\/span> <span dir=\"ltr\" role=\"presentation\">en las aplicaciones<\/span> <span dir=\"ltr\" role=\"presentation\">severas de los mandos de <\/span><span dir=\"ltr\" role=\"presentation\">equipos mineros y de construcci\u00f3n<\/span><\/span><\/p>\t\t\t\t\t\t<\/div>\n\t\t\t\t<\/div>\n\t\t\t\t\t<\/div>\n\t\t<\/div>\n\t\t\t\t<div class=\"elementor-column elementor-col-50 elementor-top-column elementor-element elementor-element-7b850d9\" data-id=\"7b850d9\" data-element_type=\"column\">\n\t\t\t<div class=\"elementor-widget-wrap elementor-element-populated\">\n\t\t\t\t\t\t<div class=\"elementor-element elementor-element-dd5e86b elementor-widget elementor-widget-video\" data-id=\"dd5e86b\" data-element_type=\"widget\" data-settings=\"{&quot;image_overlay&quot;:{&quot;url&quot;:&quot;https:\\\/\\\/aceitesantifrixion.com\\\/wp-content\\\/uploads\\\/2022\\\/05\\\/1.png&quot;,&quot;id&quot;:14128,&quot;size&quot;:&quot;&quot;,&quot;alt&quot;:&quot;&quot;,&quot;source&quot;:&quot;library&quot;},&quot;youtube_url&quot;:&quot;https:\\\/\\\/youtu.be\\\/10NPQdFtBXk&quot;,&quot;show_image_overlay&quot;:&quot;yes&quot;,&quot;video_type&quot;:&quot;youtube&quot;,&quot;controls&quot;:&quot;yes&quot;}\" data-widget_type=\"video.default\">\n\t\t\t\t<div class=\"elementor-widget-container\">\n\t\t\t\t\t<div class=\"elementor-wrapper elementor-open-inline\">\n\t\t\t<div class=\"elementor-video\"><\/div>\t\t\t\t<div class=\"elementor-custom-embed-image-overlay\" style=\"background-image: url(https:\/\/aceitesantifrixion.com\/wp-content\/uploads\/2022\/05\/1.png);\">\n\t\t\t\t\t\t\t\t\t\t\t\t\t\t\t\t<div class=\"elementor-custom-embed-play\" role=\"button\" aria-label=\"Reproducir video\" tabindex=\"0\">\n\t\t\t\t\t\t\t<i aria-hidden=\"true\" class=\"eicon-play\"><\/i>\t\t\t\t\t\t\t<span class=\"elementor-screen-only\">Reproducir video<\/span>\n\t\t\t\t\t\t<\/div>\n\t\t\t\t\t\t\t\t\t<\/div>\n\t\t\t\t\t<\/div>\n\t\t\t\t<\/div>\n\t\t\t\t<\/div>\n\t\t\t\t\t<\/div>\n\t\t<\/div>\n\t\t\t\t\t<\/div>\n\t\t<\/section>\n\t\t\t\t<section class=\"elementor-section elementor-top-section elementor-element elementor-element-aeacff0 elementor-section-boxed elementor-section-height-default elementor-section-height-default\" data-id=\"aeacff0\" data-element_type=\"section\">\n\t\t\t\t\t\t<div class=\"elementor-container elementor-column-gap-default\">\n\t\t\t\t\t<div class=\"elementor-column elementor-col-100 elementor-top-column elementor-element elementor-element-cae6b3e\" data-id=\"cae6b3e\" data-element_type=\"column\">\n\t\t\t<div class=\"elementor-widget-wrap elementor-element-populated\">\n\t\t\t\t\t\t<div class=\"elementor-element elementor-element-9af6224 elementor-align-right elementor-mobile-align-center elementor-widget elementor-widget-button\" data-id=\"9af6224\" data-element_type=\"widget\" data-widget_type=\"button.default\">\n\t\t\t\t<div class=\"elementor-widget-container\">\n\t\t\t\t\t<div class=\"elementor-button-wrapper\">\n\t\t\t<a class=\"elementor-button elementor-button-link elementor-size-sm elementor-animation-grow\" href=\"https:\/\/wa.link\/ud8zgw\" download=\"\">\n\t\t\t\t\t\t<span class=\"elementor-button-content-wrapper\">\n\t\t\t\t\t\t<span class=\"elementor-button-icon\">\n\t\t\t\t<i aria-hidden=\"true\" class=\"fas fa-arrow-circle-right\"><\/i>\t\t\t<\/span>\n\t\t\t\t\t\t\t\t\t<span class=\"elementor-button-text\">TE INVITAMOS A COTIZAR<\/span>\n\t\t\t\t\t<\/span>\n\t\t\t\t\t<\/a>\n\t\t<\/div>\n\t\t\t\t<\/div>\n\t\t\t\t<\/div>\n\t\t\t\t\t<\/div>\n\t\t<\/div>\n\t\t\t\t\t<\/div>\n\t\t<\/section>\n\t\t\t\t<section class=\"elementor-section elementor-top-section elementor-element elementor-element-764f3a1 elementor-section-boxed elementor-section-height-default elementor-section-height-default\" data-id=\"764f3a1\" data-element_type=\"section\" data-settings=\"{&quot;background_background&quot;:&quot;classic&quot;}\">\n\t\t\t\t\t\t<div class=\"elementor-container elementor-column-gap-default\">\n\t\t\t\t\t<div class=\"elementor-column elementor-col-100 elementor-top-column elementor-element elementor-element-cfeee0c\" data-id=\"cfeee0c\" data-element_type=\"column\">\n\t\t\t<div class=\"elementor-widget-wrap elementor-element-populated\">\n\t\t\t\t\t\t<div class=\"elementor-element elementor-element-71f3b07 elementor-widget elementor-widget-heading\" data-id=\"71f3b07\" data-element_type=\"widget\" data-widget_type=\"heading.default\">\n\t\t\t\t<div class=\"elementor-widget-container\">\n\t\t\t<h4 class=\"elementor-heading-title elementor-size-default\">Ficha T\u00e9cnica<\/h4>\t\t<\/div>\n\t\t\t\t<\/div>\n\t\t\t\t\t<\/div>\n\t\t<\/div>\n\t\t\t\t\t<\/div>\n\t\t<\/section>\n\t\t\t\t<section class=\"elementor-section elementor-top-section elementor-element elementor-element-d771c46 elementor-section-boxed elementor-section-height-default elementor-section-height-default\" data-id=\"d771c46\" data-element_type=\"section\">\n\t\t\t\t\t\t<div class=\"elementor-container elementor-column-gap-default\">\n\t\t\t\t\t<div class=\"elementor-column elementor-col-100 elementor-top-column elementor-element elementor-element-9a6934c\" data-id=\"9a6934c\" data-element_type=\"column\">\n\t\t\t<div class=\"elementor-widget-wrap elementor-element-populated\">\n\t\t\t\t\t\t<div class=\"elementor-element elementor-element-d4217c1 elementor-widget elementor-widget-shortcode\" data-id=\"d4217c1\" data-element_type=\"widget\" data-widget_type=\"shortcode.default\">\n\t\t\t\t<div class=\"elementor-widget-container\">\n\t\t\t\t\t<div class=\"elementor-shortcode\"><a href=\"https:\/\/aceitesantifrixion.com\/wp-content\/uploads\/2022\/05\/FICHA-TECNICA-FLUIDO-424-J20C.pdf\" class=\"pdfemb-viewer\" style=\"\" data-width=\"max\" data-height=\"max\" data-toolbar=\"bottom\" data-toolbar-fixed=\"off\">FICHA-TECNICA-FLUIDO-424-J20C<\/a><\/div>\n\t\t\t\t<\/div>\n\t\t\t\t<\/div>\n\t\t\t\t\t<\/div>\n\t\t<\/div>\n\t\t\t\t\t<\/div>\n\t\t<\/section>\n\t\t\t\t<section class=\"elementor-section elementor-top-section elementor-element elementor-element-ce5a97d elementor-section-boxed elementor-section-height-default elementor-section-height-default\" data-id=\"ce5a97d\" data-element_type=\"section\">\n\t\t\t\t\t\t<div class=\"elementor-container elementor-column-gap-default\">\n\t\t\t\t\t<div class=\"elementor-column elementor-col-100 elementor-top-column elementor-element elementor-element-c639a60\" data-id=\"c639a60\" data-element_type=\"column\">\n\t\t\t<div class=\"elementor-widget-wrap elementor-element-populated\">\n\t\t\t\t\t\t<div class=\"elementor-element elementor-element-e6d0449 elementor-align-right elementor-mobile-align-center elementor-widget elementor-widget-button\" data-id=\"e6d0449\" data-element_type=\"widget\" data-widget_type=\"button.default\">\n\t\t\t\t<div class=\"elementor-widget-container\">\n\t\t\t\t\t<div class=\"elementor-button-wrapper\">\n\t\t\t<a class=\"elementor-button elementor-button-link elementor-size-sm elementor-animation-grow\" href=\"https:\/\/aceitesantifrixion.com\/wp-content\/uploads\/2022\/05\/FICHA-TECNICA-FLUIDO-424-J20C.pdf\" download=\"\">\n\t\t\t\t\t\t<span class=\"elementor-button-content-wrapper\">\n\t\t\t\t\t\t<span class=\"elementor-button-icon\">\n\t\t\t\t<i aria-hidden=\"true\" class=\"fas fa-arrow-circle-right\"><\/i>\t\t\t<\/span>\n\t\t\t\t\t\t\t\t\t<span class=\"elementor-button-text\">Descargar<\/span>\n\t\t\t\t\t<\/span>\n\t\t\t\t\t<\/a>\n\t\t<\/div>\n\t\t\t\t<\/div>\n\t\t\t\t<\/div>\n\t\t\t\t\t<\/div>\n\t\t<\/div>\n\t\t\t\t\t<\/div>\n\t\t<\/section>\n\t\t\t\t<\/div>\n\t\t","protected":false},"excerpt":{"rendered":"<p>Aceite Fluido 424 J20C FLUIDO 424 J20C es un lubricante multiprop\u00f3sito de muy alto rendimiento dise\u00f1ado para cumplir y exceder los requerimientos de lubricaci\u00f3n de los fluidos para transmisiones y sistemas hidr\u00e1ulicos. Su avanzada tecnolog\u00eda optimiza el rendimiento protegi\u00e9ndolo del desgaste por contam\u00ednate de silicio. FLUIDO 424 J20C combina aceites base selectos de alta transparencia [&hellip;]<\/p>\n","protected":false},"author":1,"featured_media":0,"parent":0,"menu_order":0,"comment_status":"closed","ping_status":"closed","template":"","meta":{"footnotes":""},"class_list":["post-13990","page","type-page","status-publish","hentry"],"_links":{"self":[{"href":"https:\/\/aceitesantifrixion.com\/index.php\/wp-json\/wp\/v2\/pages\/13990","targetHints":{"allow":["GET"]}}],"collection":[{"href":"https:\/\/aceitesantifrixion.com\/index.php\/wp-json\/wp\/v2\/pages"}],"about":[{"href":"https:\/\/aceitesantifrixion.com\/index.php\/wp-json\/wp\/v2\/types\/page"}],"author":[{"embeddable":true,"href":"https:\/\/aceitesantifrixion.com\/index.php\/wp-json\/wp\/v2\/users\/1"}],"replies":[{"embeddable":true,"href":"https:\/\/aceitesantifrixion.com\/index.php\/wp-json\/wp\/v2\/comments?post=13990"}],"version-history":[{"count":43,"href":"https:\/\/aceitesantifrixion.com\/index.php\/wp-json\/wp\/v2\/pages\/13990\/revisions"}],"predecessor-version":[{"id":14764,"href":"https:\/\/aceitesantifrixion.com\/index.php\/wp-json\/wp\/v2\/pages\/13990\/revisions\/14764"}],"wp:attachment":[{"href":"https:\/\/aceitesantifrixion.com\/index.php\/wp-json\/wp\/v2\/media?parent=13990"}],"curies":[{"name":"wp","href":"https:\/\/api.w.org\/{rel}","templated":true}]}}